{"id":301,"date":"2015-12-09T18:13:21","date_gmt":"2015-12-09T17:13:21","guid":{"rendered":"http:\/\/www.relana-online.de\/en\/?page_id=301"},"modified":"2025-12-22T09:56:07","modified_gmt":"2025-12-22T08:56:07","slug":"analytica-alimentaria-gmbh","status":"publish","type":"page","link":"https:\/\/www.relana-online.de\/en\/analytica-alimentaria-gmbh\/","title":{"rendered":"Analytica Alimentaria GmbH"},"content":{"rendered":"<h1>\n\t\tAnalytica Alimentaria GmbH, Germany<br \/>\n\t<\/h1>\n<h3>Contact details<\/h3>\n<p>Contact person: <br \/>Mr. Markus Moritz (Germany)<br \/>Ms. Silvia Vargas (Spain)<\/p>\n<p>Address:<br \/>Pol\u00edgono Industrial Sector 20<br \/>C\/ Carb\u00f3n, Portal 2<br \/>04009 Almer\u00eda<br \/>Spain<\/p>\n<p>Fahrenheitstra\u00dfe 5<br \/>14532 Kleinmachnow<br \/>Germany<\/p>\n<p>Telephone:+34-950622809 (Spain)<br \/>E-Mail: <a href=\"mailto:silvia.vargas@aalimentaria.com\">silvia.vargas@aalimentaria.com<\/a><\/p>\n<p>Telephone: +49-33203-88480 (Germany)<br \/>E-Mail: <a href=\"mailto:markus.moritz@aalimentaria.com\">markus.moritz@aalimentaria.com<\/a> <\/p>\n<p>Web: \u00a0<a href=\"https:\/\/www.aalimentaria.com\/en\">www.aalimentaria.com<\/a><\/p>\n<p><img loading=\"lazy\" draggable=\"false\" src=\"https:\/\/www.relana-online.de\/wp-content\/uploads\/2021\/08\/Logo-Analytica-Alimentaria-Landscape-White-Background-1-scaled-1024x264.jpg\" alt=\"\" width=\"294\" height=\"76\" \/><\/p>\n<h3>Certificate of participation in the relana\u00ae quality circle<\/h3>\n<p><a href=\"https:\/\/www.relana-online.de\/wp-content\/uploads\/2025\/12\/relana-Membership-Certificate-Analytica-Alimentaria-Germany_2026.pdf\" target=\"_blank\" rel=\"noopener noreferrer\">relana\u00ae Membership Certificate &#8211; Analytica Alimentaria Spain 2026<\/a><\/p>\n<p><a href=\"https:\/\/www.relana-online.de\/wp-content\/uploads\/2025\/05\/relana-Membership-Certificate-Analytica-Alimentaria-Germany_2025.pdf\" target=\"_blank\" rel=\"noopener noreferrer\">relana\u00ae Membership Certificate &#8211; Analytica Alimentaria Germany 2026<\/a><\/p>\n<p style=\"text-align: center;\"><a href=\"https:\/\/www.relana-online.de\/en\/\">&lt;&lt; back to homepage (all laboratories)<\/a><\/p>\n","protected":false},"excerpt":{"rendered":"<p>Analytica Alimentaria GmbH, Germany Contact details Contact person: Mr. Markus Moritz (Germany)Ms. Silvia Vargas (Spain) Address:Pol\u00edgono Industrial Sector 20C\/ Carb\u00f3n, Portal 204009 Almer\u00edaSpain Fahrenheitstra\u00dfe 514532 KleinmachnowGermany Telephone:+34-950622809 (Spain)E-Mail: silvia.vargas@aalimentaria.com Telephone: +49-33203-88480 (Germany)E-Mail: markus.moritz@aalimentaria.com Web: \u00a0www.aalimentaria.com Certificate of participation in the relana\u00ae quality circle relana\u00ae Membership Certificate &#8211; Analytica Alimentaria Spain 2026 relana\u00ae Membership Certificate &#8211; &#8230; <a class=\"read-more\" href=\"https:\/\/www.relana-online.de\/en\/analytica-alimentaria-gmbh\/\">Read more<\/a><\/p>\n","protected":false},"author":5,"featured_media":0,"parent":0,"menu_order":0,"comment_status":"closed","ping_status":"closed","template":"","meta":{"_links_to":"","_links_to_target":""},"_links":{"self":[{"href":"https:\/\/www.relana-online.de\/en\/wp-json\/wp\/v2\/pages\/301"}],"collection":[{"href":"https:\/\/www.relana-online.de\/en\/wp-json\/wp\/v2\/pages"}],"about":[{"href":"https:\/\/www.relana-online.de\/en\/wp-json\/wp\/v2\/types\/page"}],"author":[{"embeddable":true,"href":"https:\/\/www.relana-online.de\/en\/wp-json\/wp\/v2\/users\/5"}],"replies":[{"embeddable":true,"href":"https:\/\/www.relana-online.de\/en\/wp-json\/wp\/v2\/comments?post=301"}],"version-history":[{"count":48,"href":"https:\/\/www.relana-online.de\/en\/wp-json\/wp\/v2\/pages\/301\/revisions"}],"predecessor-version":[{"id":1731,"href":"https:\/\/www.relana-online.de\/en\/wp-json\/wp\/v2\/pages\/301\/revisions\/1731"}],"wp:attachment":[{"href":"https:\/\/www.relana-online.de\/en\/wp-json\/wp\/v2\/media?parent=301"}],"curies":[{"name":"wp","href":"https:\/\/api.w.org\/{rel}","templated":true}]}}